{"id":7,"date":"2020-10-24T18:01:02","date_gmt":"2020-10-24T16:01:02","guid":{"rendered":"https:\/\/www.psychosfera.cz\/psychosfera\/?page_id=7"},"modified":"2020-10-24T18:01:02","modified_gmt":"2020-10-24T16:01:02","slug":"zajima-vas-psychologie","status":"publish","type":"page","link":"https:\/\/www.psychosfera.cz\/psychosfera\/","title":{"rendered":"Zaj\u00edm\u00e1 v\u00e1s psychologie?"},"content":{"rendered":"\n<p>Co v\u00e1s napadne, kdy\u017e se o n\u011bkom dozv\u00edte, \u017ee je psycholog? &#8222;To je ten, kde se hrabe lidem v hlav\u011b&#8220;, &#8222;Vid\u00ed do m\u011b&#8220;, &#8222;To mus\u00ed b\u00fdt zaj\u00edmav\u00e1 pr\u00e1ce&#8220;, &#8222;To mus\u00ed b\u00fdt skv\u011bl\u00e9 rozum\u011bt lidem&#8220;&#8230;<\/p>\n\n\n\n<p>R\u00e1d bych v\u00e1m p\u0159edstavil skute\u010dnou pr\u00e1ci psychologa &#8211; a vlastn\u011b trochu cel\u00fd obor. Psycholog toti\u017e nen\u00ed jen ten, kdo l\u00e9\u010d\u00ed du\u0161evn\u00ed poruchy, \u0159e\u0161\u00ed partnersk\u00e9 krize nebo d\u00e1v\u00e1 potvrzen\u00ed na \u0159idi\u010dsk\u00fd pr\u016fkaz. Psycholog pracuje v reklam\u011b, ve v\u00fdzkumu, v byznysov\u00e9 sf\u00e9\u0159e, v pedagogicko-psychologick\u00fdch poradn\u00e1ch&#8230;<\/p>\n\n\n\n<p>J\u00e1 osobn\u011b d\u011bl\u00e1m psychoterapeuta, tak\u017ee o psychoterapii bude postupn\u011b asi nejv\u00edce p\u0159\u00edsp\u011bvk\u016f na tomto webu. Posledn\u00ed dobou m\u011b tak\u00e9 hodn\u011b zaj\u00edm\u00e1 sv\u011bt soci\u00e1ln\u00ed psychologie a psychologie reklamy, i o tom budu pov\u00eddat s\u00e1m nebo s hostem.<\/p>\n","protected":false},"excerpt":{"rendered":"<p>Co v\u00e1s napadne, kdy\u017e se o n\u011bkom dozv\u00edte, \u017ee je psycholog? &#8222;To je ten, kde se hrabe lidem v hlav\u011b&#8220;, &#8222;Vid\u00ed do m\u011b&#8220;, &#8222;To mus\u00ed b\u00fdt zaj\u00edmav\u00e1 pr\u00e1ce&#8220;, &#8222;To mus\u00ed b\u00fdt skv\u011bl\u00e9 rozum\u011bt lidem&#8220;&#8230; R\u00e1d bych v\u00e1m p\u0159edstavil skute\u010dnou pr\u00e1ci psychologa &#8211; a vlastn\u011b trochu cel\u00fd obor. Psycholog toti\u017e nen\u00ed jen ten, kdo l\u00e9\u010d\u00ed du\u0161evn\u00ed [&hellip;]<\/p>\n","protected":false},"author":1,"featured_media":0,"parent":0,"menu_order":0,"comment_status":"closed","ping_status":"closed","template":"","meta":{"episode_type":"","audio_file":"","cover_image":"","cover_image_id":"","duration":"","filesize":"","date_recorded":"","explicit":"","block":"","filesize_raw":""},"_links":{"self":[{"href":"https:\/\/www.psychosfera.cz\/psychosfera\/wp-json\/wp\/v2\/pages\/7"}],"collection":[{"href":"https:\/\/www.psychosfera.cz\/psychosfera\/wp-json\/wp\/v2\/pages"}],"about":[{"href":"https:\/\/www.psychosfera.cz\/psychosfera\/wp-json\/wp\/v2\/types\/page"}],"author":[{"embeddable":true,"href":"https:\/\/www.psychosfera.cz\/psychosfera\/wp-json\/wp\/v2\/users\/1"}],"replies":[{"embeddable":true,"href":"https:\/\/www.psychosfera.cz\/psychosfera\/wp-json\/wp\/v2\/comments?post=7"}],"version-history":[{"count":1,"href":"https:\/\/www.psychosfera.cz\/psychosfera\/wp-json\/wp\/v2\/pages\/7\/revisions"}],"predecessor-version":[{"id":8,"href":"https:\/\/www.psychosfera.cz\/psychosfera\/wp-json\/wp\/v2\/pages\/7\/revisions\/8"}],"wp:attachment":[{"href":"https:\/\/www.psychosfera.cz\/psychosfera\/wp-json\/wp\/v2\/media?parent=7"}],"curies":[{"name":"wp","href":"https:\/\/api.w.org\/{rel}","templated":true}]}}